{"id":795,"date":"2018-11-26T12:46:25","date_gmt":"2018-11-26T12:46:25","guid":{"rendered":"https:\/\/adargasoluciones.com\/wordpress\/index.php\/product-2\/"},"modified":"2025-05-16T17:55:25","modified_gmt":"2025-05-16T17:55:25","slug":"product-2","status":"publish","type":"page","link":"https:\/\/adargasoluciones.com\/wordpress\/index.php\/product-2\/","title":{"rendered":"Products"},"content":{"rendered":"\t\t<div data-elementor-type=\"wp-post\" data-elementor-id=\"795\" class=\"elementor elementor-795\">\n\t\t\t\t\t\t<section class=\"elementor-section elementor-top-section elementor-element elementor-element-39dabc18 elementor-section-content-middle elementor-section-boxed elementor-section-height-default elementor-section-height-default\" data-id=\"39dabc18\" data-element_type=\"section\" data-e-type=\"section\" data-settings=\"{&quot;background_background&quot;:&quot;classic&quot;}\">\n\t\t\t\t\t\t\t<div class=\"elementor-background-overlay\"><\/div>\n\t\t\t\t\t\t\t<div class=\"elementor-container elementor-column-gap-no\">\n\t\t\t\t\t<div class=\"elementor-column elementor-col-100 elementor-top-column elementor-element elementor-element-f60585f\" data-id=\"f60585f\" data-element_type=\"column\" data-e-type=\"column\">\n\t\t\t<div class=\"elementor-widget-wrap elementor-element-populated\">\n\t\t\t\t\t\t<div class=\"elementor-element elementor-element-438af913 elementor-widget elementor-widget-heading\" data-id=\"438af913\" data-element_type=\"widget\" data-e-type=\"widget\" data-widget_type=\"heading.default\">\n\t\t\t\t<div class=\"elementor-widget-container\">\n\t\t\t\t\t<h1 class=\"elementor-heading-title elementor-size-default\">Servicios<\/h1>\t\t\t\t<\/div>\n\t\t\t\t<\/div>\n\t\t\t\t\t<\/div>\n\t\t<\/div>\n\t\t\t\t\t<\/div>\n\t\t<\/section>\n\t\t<div class=\"elementor-element elementor-element-9f47c4b e-flex e-con-boxed e-con e-parent\" data-id=\"9f47c4b\" data-element_type=\"container\" data-e-type=\"container\">\n\t\t\t\t\t<div class=\"e-con-inner\">\n\t\t<div class=\"elementor-element elementor-element-b45a82d e-con-full e-flex e-con e-child\" data-id=\"b45a82d\" data-element_type=\"container\" data-e-type=\"container\">\n\t\t\t\t<div class=\"elementor-element elementor-element-9c7945a elementor-widget elementor-widget-image\" data-id=\"9c7945a\" data-element_type=\"widget\" data-e-type=\"widget\" data-widget_type=\"image.default\">\n\t\t\t\t<div class=\"elementor-widget-container\">\n\t\t\t\t\t\t\t\t\t\t\t\t\t\t\t<img fetchpriority=\"high\" decoding=\"async\" width=\"1024\" height=\"424\" src=\"https:\/\/adargasoluciones.com\/wordpress\/wp-content\/uploads\/2023\/11\/LOGO-ADARGA-1-scaled-120x50.png\" class=\"attachment-large size-large wp-image-785\" alt=\"\" srcset=\"https:\/\/adargasoluciones.com\/wordpress\/wp-content\/uploads\/2023\/11\/LOGO-ADARGA-1-scaled-1024x424.png 1024w, https:\/\/adargasoluciones.com\/wordpress\/wp-content\/uploads\/2023\/11\/LOGO-ADARGA-1-scaled-300x124.png 300w, https:\/\/adargasoluciones.com\/wordpress\/wp-content\/uploads\/2023\/11\/LOGO-ADARGA-1-scaled-768x318.png 768w, https:\/\/adargasoluciones.com\/wordpress\/wp-content\/uploads\/2023\/11\/LOGO-ADARGA-1-scaled-1536x635.png 1536w, https:\/\/adargasoluciones.com\/wordpress\/wp-content\/uploads\/2023\/11\/LOGO-ADARGA-1-scaled-2048x847.png 2048w, https:\/\/adargasoluciones.com\/wordpress\/wp-content\/uploads\/2023\/11\/LOGO-ADARGA-1-scaled-1320x546.png 1320w, https:\/\/adargasoluciones.com\/wordpress\/wp-content\/uploads\/2023\/11\/LOGO-ADARGA-1-scaled-120x50.png 120w\" sizes=\"(max-width: 1024px) 100vw, 1024px\" \/>\t\t\t\t\t\t\t\t\t\t\t\t\t\t\t<\/div>\n\t\t\t\t<\/div>\n\t\t\t\t<\/div>\n\t\t<div class=\"elementor-element elementor-element-ee9afb3 e-con-full e-flex e-con e-child\" data-id=\"ee9afb3\" data-element_type=\"container\" data-e-type=\"container\">\n\t\t\t\t<div class=\"elementor-element elementor-element-ad6f5d5 elementor-widget elementor-widget-text-editor\" data-id=\"ad6f5d5\" data-element_type=\"widget\" data-e-type=\"widget\" data-widget_type=\"text-editor.default\">\n\t\t\t\t<div class=\"elementor-widget-container\">\n\t\t\t\t\t\t\t\t\t<p><span style=\"color: #000000;\">En Adarga Soluciones, ofrecemos una amplia gama de servicios dise\u00f1ados para cubrir todas tus necesidades en el \u00e1mbito industrial. Nos especializamos en proporcionar soluciones integrales que abarcan desde el mantenimiento de equipos hasta la consultor\u00eda especializada y la instalaci\u00f3n eficiente. Con un enfoque centrado en la excelencia y la satisfacci\u00f3n del cliente, nos comprometemos a superar tus expectativas y contribuir al \u00e9xito continuo de tu empresa.<\/span><\/p>\t\t\t\t\t\t\t\t<\/div>\n\t\t\t\t<\/div>\n\t\t\t\t<\/div>\n\t\t\t\t\t<\/div>\n\t\t\t\t<\/div>\n\t\t<div class=\"elementor-element elementor-element-0676dc8 e-flex e-con-boxed e-con e-parent\" data-id=\"0676dc8\" data-element_type=\"container\" data-e-type=\"container\">\n\t\t\t\t\t<div class=\"e-con-inner\">\n\t\t<div class=\"elementor-element elementor-element-3cc51be e-con-full e-flex e-con e-child\" data-id=\"3cc51be\" data-element_type=\"container\" data-e-type=\"container\">\n\t\t\t\t<div class=\"elementor-element elementor-element-c2e2582 elementor-widget elementor-widget-image\" data-id=\"c2e2582\" data-element_type=\"widget\" data-e-type=\"widget\" data-widget_type=\"image.default\">\n\t\t\t\t<div class=\"elementor-widget-container\">\n\t\t\t\t\t\t\t\t\t\t\t\t\t\t\t<img decoding=\"async\" width=\"150\" height=\"150\" src=\"https:\/\/adargasoluciones.com\/wordpress\/wp-content\/uploads\/2023\/12\/wrench_7074785-150x150.png\" class=\"attachment-thumbnail size-thumbnail wp-image-894\" alt=\"\" srcset=\"https:\/\/adargasoluciones.com\/wordpress\/wp-content\/uploads\/2023\/12\/wrench_7074785-150x150.png 150w, https:\/\/adargasoluciones.com\/wordpress\/wp-content\/uploads\/2023\/12\/wrench_7074785-300x300.png 300w, https:\/\/adargasoluciones.com\/wordpress\/wp-content\/uploads\/2023\/12\/wrench_7074785.png 512w\" sizes=\"(max-width: 150px) 100vw, 150px\" \/>\t\t\t\t\t\t\t\t\t\t\t\t\t\t\t<\/div>\n\t\t\t\t<\/div>\n\t\t\t\t<\/div>\n\t\t<div class=\"elementor-element elementor-element-6bc0172 e-con-full e-flex e-con e-child\" data-id=\"6bc0172\" data-element_type=\"container\" data-e-type=\"container\">\n\t\t\t\t<div class=\"elementor-element elementor-element-d173650 elementor-widget elementor-widget-image\" data-id=\"d173650\" data-element_type=\"widget\" data-e-type=\"widget\" data-widget_type=\"image.default\">\n\t\t\t\t<div class=\"elementor-widget-container\">\n\t\t\t\t\t\t\t\t\t\t\t\t\t\t\t<img decoding=\"async\" width=\"150\" height=\"150\" src=\"https:\/\/adargasoluciones.com\/wordpress\/wp-content\/uploads\/2023\/11\/maintenance_7018635-150x150.png\" class=\"attachment-thumbnail size-thumbnail wp-image-784\" alt=\"\" srcset=\"https:\/\/adargasoluciones.com\/wordpress\/wp-content\/uploads\/2023\/11\/maintenance_7018635-150x150.png 150w, https:\/\/adargasoluciones.com\/wordpress\/wp-content\/uploads\/2023\/11\/maintenance_7018635-300x300.png 300w, https:\/\/adargasoluciones.com\/wordpress\/wp-content\/uploads\/2023\/11\/maintenance_7018635.png 512w\" sizes=\"(max-width: 150px) 100vw, 150px\" \/>\t\t\t\t\t\t\t\t\t\t\t\t\t\t\t<\/div>\n\t\t\t\t<\/div>\n\t\t\t\t<\/div>\n\t\t<div class=\"elementor-element elementor-element-126497e e-con-full e-flex e-con e-child\" data-id=\"126497e\" data-element_type=\"container\" data-e-type=\"container\">\n\t\t\t\t<div class=\"elementor-element elementor-element-85a19af elementor-widget elementor-widget-image\" data-id=\"85a19af\" data-element_type=\"widget\" data-e-type=\"widget\" data-widget_type=\"image.default\">\n\t\t\t\t<div class=\"elementor-widget-container\">\n\t\t\t\t\t\t\t\t\t\t\t\t\t\t\t<img loading=\"lazy\" decoding=\"async\" width=\"150\" height=\"150\" src=\"https:\/\/adargasoluciones.com\/wordpress\/wp-content\/uploads\/2023\/12\/interview_8915767-150x150.png\" class=\"attachment-thumbnail size-thumbnail wp-image-893\" alt=\"\" srcset=\"https:\/\/adargasoluciones.com\/wordpress\/wp-content\/uploads\/2023\/12\/interview_8915767-150x150.png 150w, https:\/\/adargasoluciones.com\/wordpress\/wp-content\/uploads\/2023\/12\/interview_8915767-300x300.png 300w, https:\/\/adargasoluciones.com\/wordpress\/wp-content\/uploads\/2023\/12\/interview_8915767.png 512w\" sizes=\"(max-width: 150px) 100vw, 150px\" \/>\t\t\t\t\t\t\t\t\t\t\t\t\t\t\t<\/div>\n\t\t\t\t<\/div>\n\t\t\t\t<\/div>\n\t\t<div class=\"elementor-element elementor-element-482baf3 e-con-full e-flex e-con e-child\" data-id=\"482baf3\" data-element_type=\"container\" data-e-type=\"container\">\n\t\t\t\t<div class=\"elementor-element elementor-element-832a3ef elementor-widget elementor-widget-text-editor\" data-id=\"832a3ef\" data-element_type=\"widget\" data-e-type=\"widget\" data-widget_type=\"text-editor.default\">\n\t\t\t\t<div class=\"elementor-widget-container\">\n\t\t\t\t\t\t\t\t\t<p><strong><span style=\"color: #800000;\">CONSULTOR\u00cdA<\/span><\/strong><\/p><hr \/><div class=\"color_gri\"><div class=\"col-12 d-block mx-auto pt-20\"><div class=\"row\"><div id=\"b1\" class=\"col-md-6 col-lg-8\"><p class=\"pt-10 mb-0\">Ofrecemos el servicio de consultor\u00eda a empresas que requieren estudios de su operaci\u00f3n en las \u00e1reas de log\u00edstica y almac\u00e9n. Nuestro personal cuenta con la mayor experiencia en el dise\u00f1o, desarrollo, integraci\u00f3n e implementaci\u00f3n de soluciones log\u00edsticas para el manejo de materiales, incrementando as\u00ed la capacidad de almacenaje y mejorando tiempos de operaci\u00f3n y reducci\u00f3n de costos.<\/p><\/div><\/div><\/div><\/div>\t\t\t\t\t\t\t\t<\/div>\n\t\t\t\t<\/div>\n\t\t\t\t<\/div>\n\t\t<div class=\"elementor-element elementor-element-5c12412 e-con-full e-flex e-con e-child\" data-id=\"5c12412\" data-element_type=\"container\" data-e-type=\"container\">\n\t\t\t\t<div class=\"elementor-element elementor-element-03540f4 elementor-widget elementor-widget-text-editor\" data-id=\"03540f4\" data-element_type=\"widget\" data-e-type=\"widget\" data-widget_type=\"text-editor.default\">\n\t\t\t\t<div class=\"elementor-widget-container\">\n\t\t\t\t\t\t\t\t\t<p><span style=\"color: #800000;\"><strong>INSTALACI\u00d3N<\/strong><\/span><\/p><hr \/><p>Nuestra empresa con el servicio de instalaci\u00f3n en todo tipo de sistemas, especializ\u00e1ndose en sistemas de flujo de gravedad (din\u00e1micos). Adem\u00e1s de contar con experiencia en la adecuaci\u00f3n y modificaci\u00f3n de sistemas ya existentes.<br \/>Nuestro personal altamente capacitado se rige bajo las normas m\u00e1s estrictas de seguridad requeridas por nuestros clientes.<\/p>\t\t\t\t\t\t\t\t<\/div>\n\t\t\t\t<\/div>\n\t\t\t\t<\/div>\n\t\t<div class=\"elementor-element elementor-element-59ce871 e-con-full e-flex e-con e-child\" data-id=\"59ce871\" data-element_type=\"container\" data-e-type=\"container\">\n\t\t\t\t<div class=\"elementor-element elementor-element-6931580 elementor-widget elementor-widget-text-editor\" data-id=\"6931580\" data-element_type=\"widget\" data-e-type=\"widget\" data-widget_type=\"text-editor.default\">\n\t\t\t\t<div class=\"elementor-widget-container\">\n\t\t\t\t\t\t\t\t\t<p><strong><span style=\"color: #800000;\">MANTENIMIENTO<\/span><\/strong><\/p><hr \/><p>Ofrecemos servicio de mantenimiento preventivo para asegurar el buen funcionamiento y evitar futuros problemas en la operaci\u00f3n del sistema. De igual modo se realizan inspecciones para diagnosticar da\u00f1os sufridos durante la operaci\u00f3n de los sistemas y aplicar un mantenimiento correctivo.<\/p>\t\t\t\t\t\t\t\t<\/div>\n\t\t\t\t<\/div>\n\t\t\t\t<\/div>\n\t\t\t\t\t<\/div>\n\t\t\t\t<\/div>\n\t\t<div class=\"elementor-element elementor-element-fa6578c e-flex e-con-boxed e-con e-parent\" data-id=\"fa6578c\" data-element_type=\"container\" data-e-type=\"container\">\n\t\t\t\t\t<div class=\"e-con-inner\">\n\t\t\t\t<div class=\"elementor-element elementor-element-2d3fc75 elementor-widget elementor-widget-text-editor\" data-id=\"2d3fc75\" data-element_type=\"widget\" data-e-type=\"widget\" data-widget_type=\"text-editor.default\">\n\t\t\t\t<div class=\"elementor-widget-container\">\n\t\t\t\t\t\t\t\t\t<h4 style=\"text-align: center;\"><span style=\"color: #333333;\">Las alianzas estrat\u00e9gicas que hemos logrado nos permiten contar con un equipo especializado a fin de brindarte un excelente servicio y la mejor opci\u00f3n a sus necesidades.<\/span><\/h4>\t\t\t\t\t\t\t\t<\/div>\n\t\t\t\t<\/div>\n\t\t\t\t\t<\/div>\n\t\t\t\t<\/div>\n\t\t<div class=\"elementor-element elementor-element-d2a41e3 e-grid e-con-full e-con e-parent\" data-id=\"d2a41e3\" data-element_type=\"container\" data-e-type=\"container\">\n\t\t\t\t<div class=\"elementor-element elementor-element-fb13e31 elementor-widget elementor-widget-image\" data-id=\"fb13e31\" data-element_type=\"widget\" data-e-type=\"widget\" data-widget_type=\"image.default\">\n\t\t\t\t<div class=\"elementor-widget-container\">\n\t\t\t\t\t\t\t\t\t\t\t\t\t\t\t<img loading=\"lazy\" decoding=\"async\" width=\"768\" height=\"577\" src=\"https:\/\/adargasoluciones.com\/wordpress\/wp-content\/uploads\/2023\/12\/HPIM0263-768x577.jpg\" class=\"attachment-medium_large size-medium_large wp-image-966\" alt=\"\" srcset=\"https:\/\/adargasoluciones.com\/wordpress\/wp-content\/uploads\/2023\/12\/HPIM0263-768x577.jpg 768w, https:\/\/adargasoluciones.com\/wordpress\/wp-content\/uploads\/2023\/12\/HPIM0263-300x225.jpg 300w, https:\/\/adargasoluciones.com\/wordpress\/wp-content\/uploads\/2023\/12\/HPIM0263-1024x769.jpg 1024w, https:\/\/adargasoluciones.com\/wordpress\/wp-content\/uploads\/2023\/12\/HPIM0263-1536x1154.jpg 1536w, https:\/\/adargasoluciones.com\/wordpress\/wp-content\/uploads\/2023\/12\/HPIM0263-2048x1539.jpg 2048w\" sizes=\"(max-width: 768px) 100vw, 768px\" \/>\t\t\t\t\t\t\t\t\t\t\t\t\t\t\t<\/div>\n\t\t\t\t<\/div>\n\t\t\t\t<div class=\"elementor-element elementor-element-6b69ac0 elementor-widget elementor-widget-image\" data-id=\"6b69ac0\" data-element_type=\"widget\" data-e-type=\"widget\" data-widget_type=\"image.default\">\n\t\t\t\t<div class=\"elementor-widget-container\">\n\t\t\t\t\t\t\t\t\t\t\t\t\t\t\t<img loading=\"lazy\" decoding=\"async\" width=\"768\" height=\"577\" src=\"https:\/\/adargasoluciones.com\/wordpress\/wp-content\/uploads\/2023\/12\/HPIM0255-1-768x577.jpg\" class=\"attachment-medium_large size-medium_large wp-image-949\" alt=\"\" srcset=\"https:\/\/adargasoluciones.com\/wordpress\/wp-content\/uploads\/2023\/12\/HPIM0255-1-768x577.jpg 768w, https:\/\/adargasoluciones.com\/wordpress\/wp-content\/uploads\/2023\/12\/HPIM0255-1-300x225.jpg 300w, https:\/\/adargasoluciones.com\/wordpress\/wp-content\/uploads\/2023\/12\/HPIM0255-1-1024x769.jpg 1024w, https:\/\/adargasoluciones.com\/wordpress\/wp-content\/uploads\/2023\/12\/HPIM0255-1-1536x1154.jpg 1536w, https:\/\/adargasoluciones.com\/wordpress\/wp-content\/uploads\/2023\/12\/HPIM0255-1-2048x1539.jpg 2048w\" sizes=\"(max-width: 768px) 100vw, 768px\" \/>\t\t\t\t\t\t\t\t\t\t\t\t\t\t\t<\/div>\n\t\t\t\t<\/div>\n\t\t\t\t<div class=\"elementor-element elementor-element-670a379 elementor-widget elementor-widget-image\" data-id=\"670a379\" data-element_type=\"widget\" data-e-type=\"widget\" data-widget_type=\"image.default\">\n\t\t\t\t<div class=\"elementor-widget-container\">\n\t\t\t\t\t\t\t\t\t\t\t\t\t\t\t<img loading=\"lazy\" decoding=\"async\" width=\"768\" height=\"576\" src=\"https:\/\/adargasoluciones.com\/wordpress\/wp-content\/uploads\/2023\/12\/26082008049-768x576.jpg\" class=\"attachment-medium_large size-medium_large wp-image-933\" alt=\"\" srcset=\"https:\/\/adargasoluciones.com\/wordpress\/wp-content\/uploads\/2023\/12\/26082008049-768x576.jpg 768w, https:\/\/adargasoluciones.com\/wordpress\/wp-content\/uploads\/2023\/12\/26082008049-300x225.jpg 300w, https:\/\/adargasoluciones.com\/wordpress\/wp-content\/uploads\/2023\/12\/26082008049-1024x768.jpg 1024w, https:\/\/adargasoluciones.com\/wordpress\/wp-content\/uploads\/2023\/12\/26082008049-1536x1152.jpg 1536w, https:\/\/adargasoluciones.com\/wordpress\/wp-content\/uploads\/2023\/12\/26082008049-2048x1536.jpg 2048w\" sizes=\"(max-width: 768px) 100vw, 768px\" \/>\t\t\t\t\t\t\t\t\t\t\t\t\t\t\t<\/div>\n\t\t\t\t<\/div>\n\t\t\t\t<div class=\"elementor-element elementor-element-92971e7 elementor-widget elementor-widget-image\" data-id=\"92971e7\" data-element_type=\"widget\" data-e-type=\"widget\" data-widget_type=\"image.default\">\n\t\t\t\t<div class=\"elementor-widget-container\">\n\t\t\t\t\t\t\t\t\t\t\t\t\t\t\t<img loading=\"lazy\" decoding=\"async\" width=\"768\" height=\"577\" src=\"https:\/\/adargasoluciones.com\/wordpress\/wp-content\/uploads\/2023\/12\/HPIM0251-768x577.jpg\" class=\"attachment-medium_large size-medium_large wp-image-848\" alt=\"\" srcset=\"https:\/\/adargasoluciones.com\/wordpress\/wp-content\/uploads\/2023\/12\/HPIM0251-768x577.jpg 768w, https:\/\/adargasoluciones.com\/wordpress\/wp-content\/uploads\/2023\/12\/HPIM0251-300x225.jpg 300w, https:\/\/adargasoluciones.com\/wordpress\/wp-content\/uploads\/2023\/12\/HPIM0251-1024x769.jpg 1024w, https:\/\/adargasoluciones.com\/wordpress\/wp-content\/uploads\/2023\/12\/HPIM0251-1536x1154.jpg 1536w, https:\/\/adargasoluciones.com\/wordpress\/wp-content\/uploads\/2023\/12\/HPIM0251-2048x1539.jpg 2048w\" sizes=\"(max-width: 768px) 100vw, 768px\" \/>\t\t\t\t\t\t\t\t\t\t\t\t\t\t\t<\/div>\n\t\t\t\t<\/div>\n\t\t\t\t<\/div>\n\t\t\t\t<\/div>\n\t\t","protected":false},"excerpt":{"rendered":"<p>Servicios En Adarga Soluciones, ofrecemos una amplia gama de servicios dise\u00f1ados para cubrir todas tus necesidades en el \u00e1mbito industrial. Nos especializamos en proporcionar soluciones integrales que abarcan desde el mantenimiento de equipos hasta la consultor\u00eda especializada y la instalaci\u00f3n eficiente. Con un enfoque centrado en la excelencia y la satisfacci\u00f3n del cliente, nos comprometemos [&hellip;]<\/p>\n","protected":false},"author":1,"featured_media":0,"parent":0,"menu_order":0,"comment_status":"closed","ping_status":"closed","template":"","meta":{"site-sidebar-layout":"no-sidebar","site-content-layout":"page-builder","ast-site-content-layout":"default","site-content-style":"default","site-sidebar-style":"default","ast-global-header-display":"","ast-banner-title-visibility":"","ast-main-header-display":"","ast-hfb-above-header-display":"","ast-hfb-below-header-display":"","ast-hfb-mobile-header-display":"","site-post-title":"disabled","ast-breadcrumbs-content":"","ast-featured-img":"disabled","footer-sml-layout":"","ast-disable-related-posts":"","theme-transparent-header-meta":"enabled","adv-header-id-meta":"","stick-header-meta":"","header-above-stick-meta":"","header-main-stick-meta":"","header-below-stick-meta":"","astra-migrate-meta-layouts":"default","ast-page-background-enabled":"default","ast-page-background-meta":{"desktop":{"background-color":"","background-image":"","background-repeat":"repeat","background-position":"center center","background-size":"auto","background-attachment":"scroll","background-type":"","background-media":"","overlay-type":"","overlay-color":"","overlay-opacity":"","overlay-gradient":""},"tablet":{"background-color":"","background-image":"","background-repeat":"repeat","background-position":"center center","background-size":"auto","background-attachment":"scroll","background-type":"","background-media":"","overlay-type":"","overlay-color":"","overlay-opacity":"","overlay-gradient":""},"mobile":{"background-color":"","background-image":"","background-repeat":"repeat","background-position":"center center","background-size":"auto","background-attachment":"scroll","background-type":"","background-media":"","overlay-type":"","overlay-color":"","overlay-opacity":"","overlay-gradient":""}},"ast-content-background-meta":{"desktop":{"background-color":"var(--ast-global-color-5)","background-image":"","background-repeat":"repeat","background-position":"center center","background-size":"auto","background-attachment":"scroll","background-type":"","background-media":"","overlay-type":"","overlay-color":"","overlay-opacity":"","overlay-gradient":""},"tablet":{"background-color":"var(--ast-global-color-5)","background-image":"","background-repeat":"repeat","background-position":"center center","background-size":"auto","background-attachment":"scroll","background-type":"","background-media":"","overlay-type":"","overlay-color":"","overlay-opacity":"","overlay-gradient":""},"mobile":{"background-color":"var(--ast-global-color-5)","background-image":"","background-repeat":"repeat","background-position":"center center","background-size":"auto","background-attachment":"scroll","background-type":"","background-media":"","overlay-type":"","overlay-color":"","overlay-opacity":"","overlay-gradient":""}},"footnotes":""},"class_list":["post-795","page","type-page","status-publish","hentry"],"_links":{"self":[{"href":"https:\/\/adargasoluciones.com\/wordpress\/index.php\/wp-json\/wp\/v2\/pages\/795","targetHints":{"allow":["GET"]}}],"collection":[{"href":"https:\/\/adargasoluciones.com\/wordpress\/index.php\/wp-json\/wp\/v2\/pages"}],"about":[{"href":"https:\/\/adargasoluciones.com\/wordpress\/index.php\/wp-json\/wp\/v2\/types\/page"}],"author":[{"embeddable":true,"href":"https:\/\/adargasoluciones.com\/wordpress\/index.php\/wp-json\/wp\/v2\/users\/1"}],"replies":[{"embeddable":true,"href":"https:\/\/adargasoluciones.com\/wordpress\/index.php\/wp-json\/wp\/v2\/comments?post=795"}],"version-history":[{"count":19,"href":"https:\/\/adargasoluciones.com\/wordpress\/index.php\/wp-json\/wp\/v2\/pages\/795\/revisions"}],"predecessor-version":[{"id":1044,"href":"https:\/\/adargasoluciones.com\/wordpress\/index.php\/wp-json\/wp\/v2\/pages\/795\/revisions\/1044"}],"wp:attachment":[{"href":"https:\/\/adargasoluciones.com\/wordpress\/index.php\/wp-json\/wp\/v2\/media?parent=795"}],"curies":[{"name":"wp","href":"https:\/\/api.w.org\/{rel}","templated":true}]}}